{"id":772,"date":"2023-02-06T12:06:59","date_gmt":"2023-02-06T11:06:59","guid":{"rendered":"https:\/\/labertauge.fr\/?page_id=772"},"modified":"2024-07-07T10:07:01","modified_gmt":"2024-07-07T08:07:01","slug":"informations","status":"publish","type":"page","link":"https:\/\/labertauge.fr\/index.php\/informations\/","title":{"rendered":"Informations"},"content":{"rendered":"\t\t<div data-elementor-type=\"wp-page\" data-elementor-id=\"772\" class=\"elementor elementor-772\">\n\t\t\t\t\t\t<section class=\"elementor-section elementor-top-section elementor-element elementor-element-50b118d elementor-section-content-top elementor-section-boxed elementor-section-height-default elementor-section-height-default\" data-id=\"50b118d\" data-element_type=\"section\" data-settings=\"{&quot;background_background&quot;:&quot;classic&quot;}\">\n\t\t\t\t\t\t\t<div class=\"elementor-background-overlay\"><\/div>\n\t\t\t\t\t\t\t<div class=\"elementor-container elementor-column-gap-default\">\n\t\t\t\t\t<div class=\"elementor-column elementor-col-100 elementor-top-column elementor-element elementor-element-18b8c34\" data-id=\"18b8c34\" data-element_type=\"column\">\n\t\t\t<div class=\"elementor-widget-wrap elementor-element-populated\">\n\t\t\t\t\t\t<div class=\"elementor-element elementor-element-9c52e1a elementor-widget elementor-widget-heading\" data-id=\"9c52e1a\" data-element_type=\"widget\" data-widget_type=\"heading.default\">\n\t\t\t\t<div class=\"elementor-widget-container\">\n\t\t\t<h2 class=\"elementor-heading-title elementor-size-xxl\">Informations<\/h2>\t\t<\/div>\n\t\t\t\t<\/div>\n\t\t\t\t\t<\/div>\n\t\t<\/div>\n\t\t\t\t\t<\/div>\n\t\t<\/section>\n\t\t\t\t<section class=\"elementor-section elementor-top-section elementor-element elementor-element-099fb9a elementor-section-boxed elementor-section-height-default elementor-section-height-default\" data-id=\"099fb9a\" data-element_type=\"section\">\n\t\t\t\t\t\t<div class=\"elementor-container elementor-column-gap-default\">\n\t\t\t\t\t<div class=\"elementor-column elementor-col-100 elementor-top-column elementor-element elementor-element-0508db6\" data-id=\"0508db6\" data-element_type=\"column\">\n\t\t\t<div class=\"elementor-widget-wrap elementor-element-populated\">\n\t\t\t\t\t\t<div class=\"elementor-element elementor-element-2d52364 elementor-widget elementor-widget-text-editor\" data-id=\"2d52364\" data-element_type=\"widget\" data-widget_type=\"text-editor.default\">\n\t\t\t\t<div class=\"elementor-widget-container\">\n\t\t\t\t\t\t\t<!-- wp:uagb\/container {\"block_id\":\"b91a4159\",\"innerContentCustomWidthMobile\":426,\"borderStyle\":\"\",\"topPaddingDesktop\":122,\"bottomPaddingDesktop\":80,\"topPaddingTablet\":80,\"bottomPaddingTablet\":48,\"leftPaddingTablet\":48,\"rightPaddingTablet\":48,\"topPaddingMobile\":48,\"bottomPaddingMobile\":48,\"leftPaddingMobile\":32,\"rightPaddingMobile\":32,\"paddingLink\":false,\"variationSelected\":true,\"rowGapDesktop\":35,\"rowGapTablet\":30,\"rowGapMobile\":30,\"isBlockRootParent\":true} -->\n<div class=\"wp-block-uagb-container uagb-block-b91a4159 alignfull uagb-is-root-container\">\n<div class=\"uagb-container-inner-blocks-wrap\"><!-- wp:uagb\/container {\"block_id\":\"68c80fa1\",\"directionDesktop\":\"row\",\"borderStyle\":\"\",\"topPaddingDesktop\":0,\"bottomPaddingDesktop\":0,\"leftPaddingDesktop\":0,\"rightPaddingDesktop\":0,\"topPaddingMobile\":0,\"bottomPaddingMobile\":0,\"leftPaddingMobile\":0,\"rightPaddingMobile\":0,\"bottomMarginMobile\":16,\"marginLink\":false,\"variationSelected\":true,\"columnGapDesktop\":35,\"columnGapTablet\":30} -->\n<div class=\"wp-block-uagb-container uagb-block-68c80fa1\"><!-- wp:uagb\/container {\"block_id\":\"84fa2aaf\",\"alignItemsDesktop\":\"flex-start\",\"borderStyle\":\"\",\"topPaddingDesktop\":0,\"bottomPaddingDesktop\":0,\"leftPaddingDesktop\":0,\"rightPaddingDesktop\":0,\"topPaddingMobile\":0,\"bottomPaddingMobile\":0,\"leftPaddingMobile\":0,\"rightPaddingMobile\":0,\"variationSelected\":true} -->\n<div class=\"wp-block-uagb-container uagb-block-84fa2aaf\"><!-- wp:uagb\/info-box {\"classMigrate\":true,\"headingAlign\":\"left\",\"headingAlignTablet\":\"left\",\"headingAlignMobile\":\"left\",\"headingColor\":\"var(\\u002d\\u002dast-global-color-2)\",\"prefixColor\":\"var(\\u002d\\u002dast-global-color-2)\",\"prefixFontSize\":20,\"prefixFontWeight\":\"500\",\"prefixLineHeight\":1.2,\"headingTag\":\"h1\",\"headSpace\":0,\"block_id\":\"fdfc8d9f\",\"ctaBorderColor\":\"\",\"ctaBorderStyle\":\"\",\"ctaBorderWidth\":\"\",\"ctaBorderRadius\":\"\",\"showPrefix\":true,\"showIcon\":false,\"showDesc\":false,\"prefixSpace\":20,\"prefixTabletSpace\":20,\"prefixMobileSpace\":20,\"headTabletSpace\":0,\"headMobileSpace\":0,\"btnBorderTopWidth\":1,\"btnBorderLeftWidth\":1,\"btnBorderRightWidth\":1,\"btnBorderBottomWidth\":1,\"btnBorderTopLeftRadius\":0,\"btnBorderTopRightRadius\":0,\"btnBorderBottomLeftRadius\":0,\"btnBorderBottomRightRadius\":0,\"btnBorderStyle\":\"solid\",\"btnBorderColor\":\"#333\"} -->\n<div class=\"wp-block-uagb-info-box uagb-block-fdfc8d9f uagb-infobox__content-wrap  uagb-infobox-icon-above-title uagb-infobox-image-valign-top\">\n<div class=\"uagb-ifb-content\">\n<div class=\"uagb-ifb-title-wrap\">\n<h1 class=\"uagb-ifb-title\">Informations<\/h1>\n<\/div>\n<\/div>\n<\/div>\n<!-- \/wp:uagb\/info-box --><\/div>\n<!-- \/wp:uagb\/container --><!-- wp:uagb\/container {\"block_id\":\"23ba9066\",\"alignItemsDesktop\":\"flex-start\",\"borderStyle\":\"\",\"topPaddingDesktop\":0,\"bottomPaddingDesktop\":0,\"leftPaddingDesktop\":0,\"rightPaddingDesktop\":0,\"topPaddingMobile\":0,\"bottomPaddingMobile\":0,\"leftPaddingMobile\":0,\"rightPaddingMobile\":0,\"variationSelected\":true} -->\n<div class=\"wp-block-uagb-container uagb-block-23ba9066\"><!-- wp:paragraph -->\n<p><strong>Les b\u00e9n\u00e9voles du Mus\u00e9e sont heureux de<\/strong> <strong>vous accueillir sur leur site<\/strong><\/p>\n<!-- \/wp:paragraph --><\/div>\n<!-- \/wp:uagb\/container --><\/div>\n<!-- \/wp:uagb\/container --><!-- wp:uagb\/container {\"block_id\":\"5f29fb29\",\"directionDesktop\":\"row\",\"wrapTablet\":\"wrap\",\"borderStyle\":\"\",\"topPaddingDesktop\":0,\"bottomPaddingDesktop\":0,\"leftPaddingDesktop\":0,\"rightPaddingDesktop\":0,\"topPaddingTablet\":0,\"bottomPaddingTablet\":0,\"leftPaddingTablet\":0,\"rightPaddingTablet\":0,\"topPaddingMobile\":0,\"bottomPaddingMobile\":0,\"leftPaddingMobile\":0,\"rightPaddingMobile\":0,\"bottomMarginMobile\":30,\"marginLink\":false,\"variationSelected\":true,\"rowGapDesktop\":35,\"rowGapTablet\":30,\"rowGapMobile\":30,\"columnGapDesktop\":35,\"columnGapMobile\":0} -->\n<div class=\"wp-block-uagb-container uagb-block-5f29fb29\"><!-- wp:uagb\/container {\"block_id\":\"193ee2f5\",\"directionDesktop\":\"row\",\"directionMobile\":\"column-reverse\",\"borderStyle\":\"\",\"topPaddingDesktop\":0,\"bottomPaddingDesktop\":0,\"leftPaddingDesktop\":0,\"rightPaddingDesktop\":0,\"topPaddingTablet\":0,\"bottomPaddingTablet\":0,\"leftPaddingTablet\":0,\"rightPaddingTablet\":0,\"topPaddingMobile\":0,\"bottomPaddingMobile\":0,\"leftPaddingMobile\":0,\"rightPaddingMobile\":0,\"variationSelected\":true,\"rowGapMobile\":30,\"columnGapDesktop\":35,\"columnGapTablet\":30,\"columnGapMobile\":0} -->\n<div class=\"wp-block-uagb-container uagb-block-193ee2f5\"><!-- wp:uagb\/container {\"block_id\":\"8cdd51c3\",\"widthTablet\":47,\"alignItemsDesktop\":\"flex-start\",\"borderStyle\":\"\",\"topPaddingDesktop\":0,\"bottomPaddingDesktop\":0,\"leftPaddingDesktop\":0,\"rightPaddingDesktop\":0,\"topPaddingMobile\":0,\"bottomPaddingMobile\":0,\"leftPaddingMobile\":0,\"rightPaddingMobile\":0,\"variationSelected\":true,\"widthSetByUser\":true} -->\n<div class=\"wp-block-uagb-container uagb-block-8cdd51c3\"><!-- wp:uagb\/info-box {\"classMigrate\":true,\"headingAlign\":\"left\",\"headingAlignMobile\":\"left\",\"headingColor\":\"var(\\u002d\\u002dast-global-color-2)\",\"subHeadingColor\":\"var(\\u002d\\u002dast-global-color-3)\",\"headSpace\":20,\"subHeadSpace\":0,\"block_id\":\"0201a1fe\",\"ctaBorderColor\":\"\",\"ctaBorderStyle\":\"\",\"ctaBorderWidth\":\"\",\"ctaBorderRadius\":\"\",\"showIcon\":false,\"headTabletSpace\":20,\"headMobileSpace\":20,\"subHeadTabletSpace\":0,\"subHeadMobileSpace\":0,\"btnBorderTopWidth\":1,\"btnBorderLeftWidth\":1,\"btnBorderRightWidth\":1,\"btnBorderBottomWidth\":1,\"btnBorderTopLeftRadius\":0,\"btnBorderTopRightRadius\":0,\"btnBorderBottomLeftRadius\":0,\"btnBorderBottomRightRadius\":0,\"btnBorderStyle\":\"solid\",\"btnBorderColor\":\"#333\"} -->\n<div class=\"wp-block-uagb-info-box uagb-block-0201a1fe uagb-infobox__content-wrap  uagb-infobox-icon-above-title uagb-infobox-image-valign-top\">\n<div class=\"uagb-ifb-content\">\n<div class=\"uagb-ifb-title-wrap\">\n<h3 class=\"uagb-ifb-title\">Dates ouvertures:<\/h3>\n<\/div>\n<p class=\"uagb-ifb-desc\"><strong><em>Jours d\u2019ouverture<\/em><\/strong><br \/>du 01 Mai au 31 Octobre.<br \/><br \/>Mercredi, Vendredi, Dimanche et jours f\u00e9ri\u00e9s de 14h30 \u00e0 18h00. Et sur rendez-vous<\/p>\n<\/div>\n<\/div>\n<!-- \/wp:uagb\/info-box --><\/div>\n<!-- \/wp:uagb\/container --><!-- wp:uagb\/container {\"block_id\":\"a214d07d\",\"widthTablet\":47,\"borderStyle\":\"\",\"topPaddingDesktop\":0,\"bottomPaddingDesktop\":0,\"leftPaddingDesktop\":0,\"rightPaddingDesktop\":0,\"topPaddingMobile\":0,\"bottomPaddingMobile\":0,\"leftPaddingMobile\":0,\"rightPaddingMobile\":0,\"variationSelected\":true,\"widthSetByUser\":true} -->\n<div class=\"wp-block-uagb-container uagb-block-a214d07d\"><!-- wp:image {\"id\":760,\"sizeSlug\":\"large\",\"linkDestination\":\"none\"} -->\n<figure class=\"wp-block-image size-large\"><img fetchpriority=\"high\" decoding=\"async\" width=\"1024\" height=\"753\" class=\"wp-image-760\" src=\"https:\/\/labertauge.fr\/wp-content\/uploads\/2023\/02\/Capture-decran-2021-06-27-213245-1024x753.jpg\" alt=\"\" srcset=\"https:\/\/labertauge.fr\/wp-content\/uploads\/2023\/02\/Capture-decran-2021-06-27-213245-1024x753.jpg 1024w, https:\/\/labertauge.fr\/wp-content\/uploads\/2023\/02\/Capture-decran-2021-06-27-213245-300x220.jpg 300w, https:\/\/labertauge.fr\/wp-content\/uploads\/2023\/02\/Capture-decran-2021-06-27-213245-768x564.jpg 768w, https:\/\/labertauge.fr\/wp-content\/uploads\/2023\/02\/Capture-decran-2021-06-27-213245.jpg 1098w\" sizes=\"(max-width: 1024px) 100vw, 1024px\" \/><\/figure>\n<!-- \/wp:image --><\/div>\n<!-- \/wp:uagb\/container --><\/div>\n<!-- \/wp:uagb\/container --><!-- wp:uagb\/container {\"block_id\":\"9bfa3f6c\",\"directionDesktop\":\"row\",\"borderStyle\":\"\",\"topPaddingDesktop\":0,\"bottomPaddingDesktop\":0,\"leftPaddingDesktop\":0,\"rightPaddingDesktop\":0,\"topPaddingTablet\":0,\"bottomPaddingTablet\":0,\"leftPaddingTablet\":0,\"rightPaddingTablet\":0,\"topPaddingMobile\":0,\"bottomPaddingMobile\":0,\"leftPaddingMobile\":0,\"rightPaddingMobile\":0,\"variationSelected\":true,\"rowGapMobile\":30,\"columnGapDesktop\":35,\"columnGapTablet\":30} -->\n<div class=\"wp-block-uagb-container uagb-block-9bfa3f6c\"><!-- wp:uagb\/container {\"block_id\":\"7705b8e6\",\"widthTablet\":47,\"borderStyle\":\"\",\"topPaddingDesktop\":0,\"bottomPaddingDesktop\":0,\"leftPaddingDesktop\":0,\"rightPaddingDesktop\":0,\"topPaddingMobile\":0,\"bottomPaddingMobile\":0,\"leftPaddingMobile\":0,\"rightPaddingMobile\":0,\"variationSelected\":true,\"widthSetByUser\":true} -->\n<div class=\"wp-block-uagb-container uagb-block-7705b8e6\"><!-- wp:uagb\/image {\"block_id\":\"5f76abdd\",\"url\":\"https:\/\/labertauge.fr\/wp-content\/uploads\/2023\/02\/Capture-decran-2021-06-27-213335-1024x760.jpg\",\"id\":761,\"linkDestination\":\"none\",\"naturalWidth\":1024,\"naturalHeight\":760,\"sizeSlug\":\"large\",\"sizeSlugTablet\":\"large\",\"sizeSlugMobile\":\"large\"} -->\n<div class=\"wp-block-uagb-image uagb-block-5f76abdd wp-block-uagb-image--layout-default wp-block-uagb-image--effect-static wp-block-uagb-image--align-none\">\n<figure class=\"wp-block-uagb-image__figure\"><img decoding=\"async\" class=\"uag-image-761\" title=\"\" src=\"https:\/\/labertauge.fr\/wp-content\/uploads\/2023\/02\/Capture-decran-2021-06-27-213335-1024x760.jpg\" srcset=\"https:\/\/labertauge.fr\/wp-content\/uploads\/2023\/02\/Capture-decran-2021-06-27-213335-1024x760.jpg \" alt=\"\" width=\"\" height=\"\" \/><\/figure>\n<\/div>\n<!-- \/wp:uagb\/image --><\/div>\n<!-- \/wp:uagb\/container --><!-- wp:uagb\/container {\"block_id\":\"e8dbf75e\",\"widthTablet\":47,\"borderStyle\":\"\",\"topPaddingDesktop\":0,\"bottomPaddingDesktop\":0,\"leftPaddingDesktop\":0,\"rightPaddingDesktop\":0,\"topPaddingMobile\":0,\"bottomPaddingMobile\":0,\"leftPaddingMobile\":0,\"rightPaddingMobile\":0,\"variationSelected\":true,\"widthSetByUser\":true} -->\n<div class=\"wp-block-uagb-container uagb-block-e8dbf75e\"><!-- wp:uagb\/info-box {\"classMigrate\":true,\"headingAlign\":\"left\",\"headingAlignMobile\":\"left\",\"headingColor\":\"var(\\u002d\\u002dast-global-color-2)\",\"subHeadingColor\":\"var(\\u002d\\u002dast-global-color-3)\",\"block_id\":\"4a2d89c4\",\"ctaBorderColor\":\"\",\"ctaBorderStyle\":\"\",\"ctaBorderWidth\":\"\",\"ctaBorderRadius\":\"\",\"showIcon\":false,\"headTabletSpace\":20,\"headMobileSpace\":20,\"subHeadTabletSpace\":0,\"subHeadMobileSpace\":0,\"btnBorderTopWidth\":1,\"btnBorderLeftWidth\":1,\"btnBorderRightWidth\":1,\"btnBorderBottomWidth\":1,\"btnBorderTopLeftRadius\":0,\"btnBorderTopRightRadius\":0,\"btnBorderBottomLeftRadius\":0,\"btnBorderBottomRightRadius\":0,\"btnBorderStyle\":\"solid\",\"btnBorderColor\":\"#333\"} -->\n<div class=\"wp-block-uagb-info-box uagb-block-4a2d89c4 uagb-infobox__content-wrap  uagb-infobox-icon-above-title uagb-infobox-image-valign-top\">\n<div class=\"uagb-ifb-content\">\n<div class=\"uagb-ifb-title-wrap\">\n<h3 class=\"uagb-ifb-title\">Visites :<\/h3>\n<\/div>\n<p class=\"uagb-ifb-desc\"><strong><em>Visites libres ou guid\u00e9es<\/em><\/strong><br \/>temps de visite : 1h30 \u00e0 2 heures<br \/>Groupes accueillis toute l\u2019ann\u00e9e sur rendez-vous.<br \/>Acc\u00e8s handicap\u00e9s<\/p>\n<\/div>\n<\/div>\n<!-- \/wp:uagb\/info-box --><\/div>\n<!-- \/wp:uagb\/container --><\/div>\n<!-- \/wp:uagb\/container --><\/div>\n<!-- \/wp:uagb\/container --><!-- wp:uagb\/container {\"block_id\":\"001d10ae\",\"directionDesktop\":\"row\",\"wrapTablet\":\"wrap\",\"borderStyle\":\"\",\"topPaddingDesktop\":0,\"bottomPaddingDesktop\":0,\"leftPaddingDesktop\":0,\"rightPaddingDesktop\":0,\"topPaddingMobile\":0,\"bottomPaddingMobile\":0,\"leftPaddingMobile\":0,\"rightPaddingMobile\":0,\"variationSelected\":true,\"rowGapDesktop\":35,\"rowGapTablet\":30,\"rowGapMobile\":30,\"columnGapDesktop\":35} -->\n<div class=\"wp-block-uagb-container uagb-block-001d10ae\"><!-- wp:uagb\/container {\"block_id\":\"56ad3bb2\",\"directionDesktop\":\"row\",\"directionMobile\":\"column-reverse\",\"borderStyle\":\"\",\"topPaddingDesktop\":0,\"bottomPaddingDesktop\":0,\"leftPaddingDesktop\":0,\"rightPaddingDesktop\":0,\"topPaddingTablet\":0,\"bottomPaddingTablet\":0,\"leftPaddingTablet\":0,\"rightPaddingTablet\":0,\"topPaddingMobile\":0,\"bottomPaddingMobile\":0,\"leftPaddingMobile\":0,\"rightPaddingMobile\":0,\"variationSelected\":true,\"rowGapMobile\":30,\"columnGapDesktop\":35,\"columnGapTablet\":30,\"columnGapMobile\":0} -->\n<div class=\"wp-block-uagb-container uagb-block-56ad3bb2\"><!-- wp:uagb\/container {\"block_id\":\"3ba0ba99\",\"widthTablet\":47,\"alignItemsDesktop\":\"flex-start\",\"borderStyle\":\"\",\"topPaddingDesktop\":0,\"bottomPaddingDesktop\":0,\"leftPaddingDesktop\":0,\"rightPaddingDesktop\":0,\"topPaddingMobile\":0,\"bottomPaddingMobile\":0,\"leftPaddingMobile\":0,\"rightPaddingMobile\":0,\"variationSelected\":true,\"widthSetByUser\":true} -->\n<div class=\"wp-block-uagb-container uagb-block-3ba0ba99\"><!-- wp:uagb\/info-box {\"classMigrate\":true,\"headingAlign\":\"left\",\"headingAlignMobile\":\"left\",\"headingColor\":\"var(\\u002d\\u002dast-global-color-2)\",\"subHeadingColor\":\"var(\\u002d\\u002dast-global-color-3)\",\"headSpace\":20,\"subHeadSpace\":0,\"block_id\":\"81a156b4\",\"ctaBorderColor\":\"\",\"ctaBorderStyle\":\"\",\"ctaBorderWidth\":\"\",\"ctaBorderRadius\":\"\",\"showIcon\":false,\"headTabletSpace\":20,\"headMobileSpace\":20,\"subHeadTabletSpace\":0,\"subHeadMobileSpace\":0,\"btnBorderTopWidth\":1,\"btnBorderLeftWidth\":1,\"btnBorderRightWidth\":1,\"btnBorderBottomWidth\":1,\"btnBorderTopLeftRadius\":0,\"btnBorderTopRightRadius\":0,\"btnBorderBottomLeftRadius\":0,\"btnBorderBottomRightRadius\":0,\"btnBorderStyle\":\"solid\",\"btnBorderColor\":\"#333\"} -->\n<div class=\"wp-block-uagb-info-box uagb-block-81a156b4 uagb-infobox__content-wrap  uagb-infobox-icon-above-title uagb-infobox-image-valign-top\">\n<div class=\"uagb-ifb-content\">\n<div class=\"uagb-ifb-title-wrap\">\n<h3 class=\"uagb-ifb-title\">Tarifs :<\/h3>\n<\/div>\n<p class=\"uagb-ifb-desc\"><strong><em>Ta<\/em><\/strong><em style=\"font-weight: bold;\">rif individuel :<\/em><br \/>5 \u20ac (gratuit pour les moins de 12 ans).<br \/>Tarif sp\u00e9cial groupe<br \/>(au moins 15 personnes) : 4 \u20ac par personne.\u00a0<br \/><br \/><strong><em>Forfait scolaire :\u00a0<\/em><\/strong>30 \u20ac par classe<\/p>\n<\/div>\n<\/div>\n<!-- \/wp:uagb\/info-box --><\/div>\n<!-- \/wp:uagb\/container --><!-- wp:uagb\/container {\"block_id\":\"6fe9578a\",\"widthTablet\":47,\"borderStyle\":\"\",\"topPaddingDesktop\":0,\"bottomPaddingDesktop\":0,\"leftPaddingDesktop\":0,\"rightPaddingDesktop\":0,\"topPaddingMobile\":0,\"bottomPaddingMobile\":0,\"leftPaddingMobile\":0,\"rightPaddingMobile\":0,\"variationSelected\":true,\"widthSetByUser\":true} -->\n<div class=\"wp-block-uagb-container uagb-block-6fe9578a\"><!-- wp:uagb\/image {\"block_id\":\"a7c45098\",\"url\":\"https:\/\/labertauge.fr\/wp-content\/uploads\/2023\/02\/IMG_20190821_185648.jpg\",\"caption\":\"smart\",\"id\":763,\"linkDestination\":\"none\",\"naturalWidth\":480,\"naturalHeight\":360,\"sizeSlug\":\"full\",\"sizeSlugTablet\":\"full\",\"sizeSlugMobile\":\"full\"} -->\n<div class=\"wp-block-uagb-image uagb-block-a7c45098 wp-block-uagb-image--layout-default wp-block-uagb-image--effect-static wp-block-uagb-image--align-none\">\n<figure class=\"wp-block-uagb-image__figure\"><img decoding=\"async\" class=\"alignnone size-medium wp-image-2154\" src=\"https:\/\/labertauge.fr\/wp-content\/uploads\/2024\/01\/20230809_151212-300x225.jpg\" alt=\"\" width=\"300\" height=\"225\" srcset=\"https:\/\/labertauge.fr\/wp-content\/uploads\/2024\/01\/20230809_151212-300x225.jpg 300w, https:\/\/labertauge.fr\/wp-content\/uploads\/2024\/01\/20230809_151212-1024x768.jpg 1024w, https:\/\/labertauge.fr\/wp-content\/uploads\/2024\/01\/20230809_151212-768x576.jpg 768w, https:\/\/labertauge.fr\/wp-content\/uploads\/2024\/01\/20230809_151212-1536x1152.jpg 1536w, https:\/\/labertauge.fr\/wp-content\/uploads\/2024\/01\/20230809_151212-2048x1536.jpg 2048w\" sizes=\"(max-width: 300px) 100vw, 300px\" \/><\/figure>\n<\/div>\n<!-- \/wp:uagb\/image --><\/div>\n<!-- \/wp:uagb\/container --><\/div>\n<!-- \/wp:uagb\/container --><!-- wp:uagb\/container {\"block_id\":\"124b9855\",\"directionDesktop\":\"row\",\"borderStyle\":\"\",\"topPaddingDesktop\":0,\"bottomPaddingDesktop\":0,\"leftPaddingDesktop\":0,\"rightPaddingDesktop\":0,\"topPaddingTablet\":0,\"bottomPaddingTablet\":0,\"leftPaddingTablet\":0,\"rightPaddingTablet\":0,\"topPaddingMobile\":0,\"bottomPaddingMobile\":0,\"leftPaddingMobile\":0,\"rightPaddingMobile\":0,\"variationSelected\":true,\"rowGapMobile\":30,\"columnGapDesktop\":35,\"columnGapTablet\":30,\"columnGapMobile\":0} -->\n<div class=\"wp-block-uagb-container uagb-block-124b9855\"><!-- wp:uagb\/container {\"block_id\":\"7a1c5248\",\"widthTablet\":47,\"borderStyle\":\"\",\"topPaddingDesktop\":0,\"bottomPaddingDesktop\":0,\"leftPaddingDesktop\":0,\"rightPaddingDesktop\":0,\"topPaddingMobile\":0,\"bottomPaddingMobile\":0,\"leftPaddingMobile\":0,\"rightPaddingMobile\":0,\"variationSelected\":true,\"widthSetByUser\":true} -->\n<div class=\"wp-block-uagb-container uagb-block-7a1c5248\"><!-- wp:uagb\/image {\"block_id\":\"cd5a5cfb\",\"url\":\"https:\/\/labertauge.fr\/wp-content\/uploads\/2023\/02\/2009-09-27-Tracteur-1.jpg\",\"id\":759,\"linkDestination\":\"none\",\"naturalWidth\":480,\"naturalHeight\":360,\"sizeSlug\":\"full\",\"sizeSlugTablet\":\"full\",\"sizeSlugMobile\":\"full\"} -->\n<div class=\"wp-block-uagb-image uagb-block-cd5a5cfb wp-block-uagb-image--layout-default wp-block-uagb-image--effect-static wp-block-uagb-image--align-none\">\n<figure class=\"wp-block-uagb-image__figure\"><img decoding=\"async\" class=\"uag-image-759\" title=\"\" src=\"https:\/\/labertauge.fr\/wp-content\/uploads\/2023\/02\/2009-09-27-Tracteur-1.jpg\" srcset=\"https:\/\/labertauge.fr\/wp-content\/uploads\/2023\/02\/2009-09-27-Tracteur-1.jpg \" alt=\"\" width=\"\" height=\"\" \/><\/figure>\n<\/div>\n<!-- \/wp:uagb\/image --><\/div>\n<!-- \/wp:uagb\/container --><!-- wp:uagb\/container {\"block_id\":\"af7a16f5\",\"widthTablet\":47,\"borderStyle\":\"\",\"topPaddingDesktop\":0,\"bottomPaddingDesktop\":0,\"leftPaddingDesktop\":0,\"rightPaddingDesktop\":0,\"topPaddingMobile\":0,\"bottomPaddingMobile\":0,\"leftPaddingMobile\":0,\"rightPaddingMobile\":0,\"variationSelected\":true,\"widthSetByUser\":true} -->\n<div class=\"wp-block-uagb-container uagb-block-af7a16f5\"><!-- wp:uagb\/info-box {\"classMigrate\":true,\"headingAlign\":\"left\",\"headingAlignMobile\":\"left\",\"headingColor\":\"var(\\u002d\\u002dast-global-color-2)\",\"subHeadingColor\":\"var(\\u002d\\u002dast-global-color-3)\",\"block_id\":\"5c263d1d\",\"ctaBorderColor\":\"\",\"ctaBorderStyle\":\"\",\"ctaBorderWidth\":\"\",\"ctaBorderRadius\":\"\",\"showIcon\":false,\"headTabletSpace\":20,\"headMobileSpace\":20,\"subHeadTabletSpace\":0,\"subHeadMobileSpace\":0,\"btnBorderTopWidth\":1,\"btnBorderLeftWidth\":1,\"btnBorderRightWidth\":1,\"btnBorderBottomWidth\":1,\"btnBorderTopLeftRadius\":0,\"btnBorderTopRightRadius\":0,\"btnBorderBottomLeftRadius\":0,\"btnBorderBottomRightRadius\":0,\"btnBorderStyle\":\"solid\",\"btnBorderColor\":\"#333\"} -->\n<div class=\"wp-block-uagb-info-box uagb-block-5c263d1d uagb-infobox__content-wrap  uagb-infobox-icon-above-title uagb-infobox-image-valign-top\">\n<div class=\"uagb-ifb-content\">\n<div class=\"uagb-ifb-title-wrap\">\n<h3 class=\"uagb-ifb-title\">Acc\u00e8s :<\/h3>\n<\/div>\n<p class=\"uagb-ifb-desc\">Parking et acc\u00e8s handicap\u00e9s.<br \/><br \/><br \/><br \/><br \/><br \/><br \/><\/p>\n<\/div>\n<\/div>\n<!-- \/wp:uagb\/info-box --><\/div>\n<!-- \/wp:uagb\/container --><\/div>\n<!-- \/wp:uagb\/container --><\/div>\n<!-- \/wp:uagb\/container --><\/div>\n<\/div>\n<!-- \/wp:uagb\/container -->\t\t\t\t\t\t<\/div>\n\t\t\t\t<\/div>\n\t\t\t\t\t<\/div>\n\t\t<\/div>\n\t\t\t\t\t<\/div>\n\t\t<\/section>\n\t\t\t\t<\/div>\n\t\t","protected":false},"excerpt":{"rendered":"<p>Informations<\/p>\n","protected":false},"author":1,"featured_media":0,"parent":0,"menu_order":0,"comment_status":"closed","ping_status":"closed","template":"","meta":{"_uag_custom_page_level_css":"","site-sidebar-layout":"default","site-content-layout":"page-builder","ast-site-content-layout":"default","site-content-style":"default","site-sidebar-style":"default","ast-global-header-display":"","ast-banner-title-visibility":"","ast-main-header-display":"","ast-hfb-above-header-display":"","ast-hfb-below-header-display":"","ast-hfb-mobile-header-display":"","site-post-title":"disabled","ast-breadcrumbs-content":"","ast-featured-img":"","footer-sml-layout":"","ast-disable-related-posts":"","theme-transparent-header-meta":"","adv-header-id-meta":"","stick-header-meta":"","header-above-stick-meta":"","header-main-stick-meta":"","header-below-stick-meta":"","astra-migrate-meta-layouts":"default","ast-page-background-enabled":"default","ast-page-background-meta":{"desktop":{"background-color":"","background-image":"","background-repeat":"repeat","background-position":"center center","background-size":"auto","background-attachment":"scroll","background-type":"","background-media":"","overlay-type":"","overlay-color":"","overlay-opacity":"","overlay-gradient":""},"tablet":{"background-color":"","background-image":"","background-repeat":"repeat","background-position":"center center","background-size":"auto","background-attachment":"scroll","background-type":"","background-media":"","overlay-type":"","overlay-color":"","overlay-opacity":"","overlay-gradient":""},"mobile":{"background-color":"","background-image":"","background-repeat":"repeat","background-position":"center center","background-size":"auto","background-attachment":"scroll","background-type":"","background-media":"","overlay-type":"","overlay-color":"","overlay-opacity":"","overlay-gradient":""}},"ast-content-background-meta":{"desktop":{"background-color":"var(--ast-global-color-5)","background-image":"","background-repeat":"repeat","background-position":"center center","background-size":"auto","background-attachment":"scroll","background-type":"","background-media":"","overlay-type":"","overlay-color":"","overlay-opacity":"","overlay-gradient":""},"tablet":{"background-color":"var(--ast-global-color-5)","background-image":"","background-repeat":"repeat","background-position":"center center","background-size":"auto","background-attachment":"scroll","background-type":"","background-media":"","overlay-type":"","overlay-color":"","overlay-opacity":"","overlay-gradient":""},"mobile":{"background-color":"var(--ast-global-color-5)","background-image":"","background-repeat":"repeat","background-position":"center center","background-size":"auto","background-attachment":"scroll","background-type":"","background-media":"","overlay-type":"","overlay-color":"","overlay-opacity":"","overlay-gradient":""}},"footnotes":""},"class_list":["post-772","page","type-page","status-publish","hentry"],"uagb_featured_image_src":{"full":false,"thumbnail":false,"medium":false,"medium_large":false,"large":false,"1536x1536":false,"2048x2048":false},"uagb_author_info":{"display_name":"admin8684","author_link":"https:\/\/labertauge.fr\/index.php\/author\/admin8684\/"},"uagb_comment_info":0,"uagb_excerpt":"Informations","_links":{"self":[{"href":"https:\/\/labertauge.fr\/index.php\/wp-json\/wp\/v2\/pages\/772","targetHints":{"allow":["GET"]}}],"collection":[{"href":"https:\/\/labertauge.fr\/index.php\/wp-json\/wp\/v2\/pages"}],"about":[{"href":"https:\/\/labertauge.fr\/index.php\/wp-json\/wp\/v2\/types\/page"}],"author":[{"embeddable":true,"href":"https:\/\/labertauge.fr\/index.php\/wp-json\/wp\/v2\/users\/1"}],"replies":[{"embeddable":true,"href":"https:\/\/labertauge.fr\/index.php\/wp-json\/wp\/v2\/comments?post=772"}],"version-history":[{"count":52,"href":"https:\/\/labertauge.fr\/index.php\/wp-json\/wp\/v2\/pages\/772\/revisions"}],"predecessor-version":[{"id":2209,"href":"https:\/\/labertauge.fr\/index.php\/wp-json\/wp\/v2\/pages\/772\/revisions\/2209"}],"wp:attachment":[{"href":"https:\/\/labertauge.fr\/index.php\/wp-json\/wp\/v2\/media?parent=772"}],"curies":[{"name":"wp","href":"https:\/\/api.w.org\/{rel}","templated":true}]}}